{"id":431,"date":"2021-07-31T16:35:59","date_gmt":"2021-07-31T13:35:59","guid":{"rendered":"https:\/\/www.ye.com.tr\/?page_id=431"},"modified":"2021-07-31T16:35:59","modified_gmt":"2021-07-31T13:35:59","slug":"unsere-richtlinien","status":"publish","type":"page","link":"https:\/\/www.ye.com.tr\/de\/unsere-richtlinien\/","title":{"rendered":"Unsere Richtlinien"},"content":{"rendered":"<div class=\"fusion-fullwidth fullwidth-box fusion-builder-row-1 fusion-flex-container nonhundred-percent-fullwidth non-hundred-percent-height-scrolling\" style=\"background-color: rgba(255,255,255,0);background-position: center center;background-repeat: no-repeat;border-width: 0px 0px 0px 0px;border-color:#eae9e9;border-style:solid;\" ><div class=\"fusion-builder-row fusion-row fusion-flex-align-items-flex-start\" style=\"max-width:1185.6px;margin-left: calc(-4% \/ 2 );margin-right: calc(-4% \/ 2 );\"><div class=\"fusion-layout-column fusion_builder_column fusion-builder-column-0 fusion_builder_column_1_1 1_1 fusion-flex-column\"><div class=\"fusion-column-wrapper fusion-flex-justify-content-flex-start fusion-content-layout-column\" style=\"background-position:left top;background-repeat:no-repeat;-webkit-background-size:cover;-moz-background-size:cover;-o-background-size:cover;background-size:cover;padding: 0px 0px 0px 0px;\"><div class=\"fusion-tabs fusion-tabs-1 classic horizontal-tabs icon-position-left\"><style type=\"text\/css\">.fusion-tabs.fusion-tabs-1 .nav-tabs li a.tab-link{border-top-color:#ebeaea;background-color:#ebeaea;}.fusion-tabs.fusion-tabs-1 .nav-tabs{background-color:#ffffff;}.fusion-tabs.fusion-tabs-1 .nav-tabs li.active a.tab-link,.fusion-tabs.fusion-tabs-1 .nav-tabs li.active a.tab-link:hover,.fusion-tabs.fusion-tabs-1 .nav-tabs li.active a.tab-link:focus{border-right-color:#ffffff;}.fusion-tabs.fusion-tabs-1 .nav-tabs li.active a.tab-link,.fusion-tabs.fusion-tabs-1 .nav-tabs li.active a.tab-link:hover,.fusion-tabs.fusion-tabs-1 .nav-tabs li.active a.tab-link:focus{background-color:#ffffff;}.fusion-tabs.fusion-tabs-1 .nav-tabs li a:hover{background-color:#ffffff;border-top-color:#ffffff;}.fusion-tabs.fusion-tabs-1 .tab-pane{background-color:#ffffff;}.fusion-tabs.fusion-tabs-1 .nav,.fusion-tabs.fusion-tabs-1 .nav-tabs,.fusion-tabs.fusion-tabs-1 .tab-content .tab-pane{border-color:#ebeaea;}<\/style><div class=\"nav\"><ul class=\"nav-tabs nav-justified\" role=\"tablist\"><li class=\"active\"><a class=\"tab-link\" data-toggle=\"tab\" role=\"tab\" aria-controls=\"tab-8f6c1bee2f48c37d5ca\" aria-selected=\"true\" id=\"fusion-tab-kal\u0130tepol\u0130t\u0130kamiz\" href=\"#tab-8f6c1bee2f48c37d5ca\"><h4 class=\"fusion-tab-heading\">KAL\u0130TE POL\u0130T\u0130KAMIZ<\/h4><\/a><\/li><li><a class=\"tab-link\" data-toggle=\"tab\" role=\"tab\" aria-controls=\"tab-73ec83017018c6f23a6\" aria-selected=\"false\" tabindex=\"-1\" id=\"fusion-tab-\u0130\u015esa\u011eli\u011eiveg\u00dcvenl\u0130\u011e\u0130pol\u0130t\u0130kamiz\" href=\"#tab-73ec83017018c6f23a6\"><h4 class=\"fusion-tab-heading\">\u0130\u015e SA\u011eLI\u011eI ve G\u00dcVENL\u0130\u011e\u0130 POL\u0130T\u0130KAMIZ<\/h4><\/a><\/li><li><a class=\"tab-link\" data-toggle=\"tab\" role=\"tab\" aria-controls=\"tab-f5b920eab5c11486711\" aria-selected=\"false\" tabindex=\"-1\" id=\"fusion-tab-\u00c7evrepol\u0130t\u0130kamiz\" href=\"#tab-f5b920eab5c11486711\"><h4 class=\"fusion-tab-heading\">\u00c7EVRE POL\u0130T\u0130KAMIZ<\/h4><\/a><\/li><\/ul><\/div><div class=\"tab-content\"><div class=\"nav fusion-mobile-tab-nav\"><ul class=\"nav-tabs nav-justified\"><li class=\"active\"><a class=\"tab-link\" data-toggle=\"tab\" role=\"tab\" aria-controls=\"tab-8f6c1bee2f48c37d5ca\" aria-selected=\"true\" id=\"mobile-fusion-tab-kal\u0130tepol\u0130t\u0130kamiz\" href=\"#tab-8f6c1bee2f48c37d5ca\"><h4 class=\"fusion-tab-heading\">KAL\u0130TE POL\u0130T\u0130KAMIZ<\/h4><\/a><\/li><\/ul><\/div><div class=\"tab-pane fade fusion-clearfix in active\" role=\"tabpanel\" tabindex=\"0\" aria-labelledby=\"fusion-tab-kal\u0130tepol\u0130t\u0130kamiz\" id=\"tab-8f6c1bee2f48c37d5ca\">\n<ul>\n<li>Faaliyetlerimizi, yasal mevzuatlara, idari ve teknik \u015fartnamelere uygun olarak ger\u00e7ekle\u015ftirmeyi,<\/li>\n<li>Teknolojik geli\u015fmeleri yak\u0131ndan takip ederek hizmet ve imalatlar\u0131m\u0131zda kaliteyi en y\u00fcksek seviyeye \u00e7\u0131karmay\u0131,<\/li>\n<li>Kalite sistemleri \u00e7er\u00e7evesinde b\u00fct\u00fcn \u00e7al\u0131\u015fanlara kalite bilincini a\u015f\u0131layarak daha yetkin ve yeteneklerini en \u00fcst seviyede kullanabilen ki\u015filer haline getirmeyi ve kalite d\u00fczeyini s\u00fcrekli iyile\u015ftirmeyi,<\/li>\n<li>Projelerimizi zaman\u0131nda, eksiksiz ve istenilen kalitede tamamlamay\u0131 ve m\u00fc\u015fteri memnuniyetini sa\u011flamay\u0131,<\/li>\n<li>\u0130\u00e7inde bulundu\u011fumuz topluma ve \u00e7evreye sayg\u0131l\u0131, \u00f6rnek bir kurulu\u015f olmay\u0131 ve i\u015f hacmini s\u00fcrekli geli\u015ftirerek \u00fclke ekonomisine katk\u0131da bulunmay\u0131<\/li>\n<\/ul>\n<p>Kalite Politikas\u0131 olarakk belirlemi\u015ftir.<\/p>\n<\/div><div class=\"nav fusion-mobile-tab-nav\"><ul class=\"nav-tabs nav-justified\"><li><a class=\"tab-link\" data-toggle=\"tab\" role=\"tab\" aria-controls=\"tab-73ec83017018c6f23a6\" aria-selected=\"false\" tabindex=\"-1\" id=\"mobile-fusion-tab-\u0130\u015esa\u011eli\u011eiveg\u00dcvenl\u0130\u011e\u0130pol\u0130t\u0130kamiz\" href=\"#tab-73ec83017018c6f23a6\"><h4 class=\"fusion-tab-heading\">\u0130\u015e SA\u011eLI\u011eI ve G\u00dcVENL\u0130\u011e\u0130 POL\u0130T\u0130KAMIZ<\/h4><\/a><\/li><\/ul><\/div><div class=\"tab-pane fade fusion-clearfix\" role=\"tabpanel\" tabindex=\"0\" aria-labelledby=\"fusion-tab-\u0130\u015esa\u011eli\u011eiveg\u00dcvenl\u0130\u011e\u0130pol\u0130t\u0130kamiz\" id=\"tab-73ec83017018c6f23a6\">\n<ol>\n<li>Kendin i\u00e7in Tedbir<\/li>\n<li>\u0130nsanlar i\u00e7in Tedbir<\/li>\n<li>Trafik-\u00c7evre i\u00e7in Tedbir<\/li>\n<\/ol>\n<ul>\n<li>\u00c7al\u0131\u015fanlar\u0131m\u0131z\u0131n ve di\u011fer ki\u015filerin faaliyetlerimizden dolay\u0131 zarar g\u00f6rmemesi i\u00e7in, y\u00fcr\u00fcrl\u00fckteki mevzuatlara, \u0130\u015f Sa\u011fl\u0131\u011f\u0131 ve G\u00fcvenli\u011fi ile ilgili di\u011fer gerekliliklere uygun olarak her t\u00fcrl\u00fc tedbiri almay\u0131, ara\u00e7-gere\u00e7leri ve ki\u015fisel koruyucu donan\u0131mlar\u0131 bulundurmay\u0131 ve kulland\u0131rmay\u0131,<\/li>\n<li>Faaliyetlerimizde, i\u015f kazas\u0131 ve meslek hastal\u0131\u011f\u0131 do\u011furabilecek emniyetsiz durum ve hareketleri, olas\u0131 kaza risklerini, etkin bir risk de\u011ferlendirmesi yaparak \u00f6nceden tespit etmeyi ve minimum seviyeye indirmeyi,<\/li>\n<li>\u00c7al\u0131\u015fanlar\u0131m\u0131z\u0131 i\u015f sa\u011fl\u0131\u011f\u0131 ve g\u00fcvenli\u011fi alan\u0131nda s\u00fcrekli olarak e\u011fitmeyi, bilgilendirmeyi ve bu do\u011frultuda i\u015f sa\u011fl\u0131\u011f\u0131 ve g\u00fcvenli\u011fi k\u00fclt\u00fcr\u00fcn\u00fc olu\u015fturmay\u0131,<\/li>\n<li>Kurulmu\u015f ve y\u00fcr\u00fct\u00fclmekte olan \u0130\u015f Sa\u011fl\u0131\u011f\u0131 ve G\u00fcvenli\u011fi Y\u00f6netim Sistemimizi s\u00fcrekli olarak iyile\u015ftirmeyi,<\/li>\n<\/ul>\n<p>\u0130\u015f Sa\u011fl\u0131\u011f\u0131 ve G\u00fcvenli\u011fi Politikam\u0131z olarak taahh\u00fct ederiz.<\/p>\n<\/div><div class=\"nav fusion-mobile-tab-nav\"><ul class=\"nav-tabs nav-justified\"><li><a class=\"tab-link\" data-toggle=\"tab\" role=\"tab\" aria-controls=\"tab-f5b920eab5c11486711\" aria-selected=\"false\" tabindex=\"-1\" id=\"mobile-fusion-tab-\u00c7evrepol\u0130t\u0130kamiz\" href=\"#tab-f5b920eab5c11486711\"><h4 class=\"fusion-tab-heading\">\u00c7EVRE POL\u0130T\u0130KAMIZ<\/h4><\/a><\/li><\/ul><\/div><div class=\"tab-pane fade fusion-clearfix\" role=\"tabpanel\" tabindex=\"0\" aria-labelledby=\"fusion-tab-\u00c7evrepol\u0130t\u0130kamiz\" id=\"tab-f5b920eab5c11486711\">\n<p>S\u00fcrd\u00fcr\u00fclebilir bir ya\u015fam i\u00e7in faaliyetlerimiz s\u0131ras\u0131nda;<\/p>\n<ul>\n<li>\u00c7evre ile ilgili uymakla y\u00fck\u00fcml\u00fc oldu\u011fumuz b\u00fct\u00fcn mevzuatlara uyum sa\u011flamay\u0131,<\/li>\n<li>\u00c7evre bilincini artt\u0131rarak \u00e7al\u0131\u015fanlar\u0131m\u0131zda fark\u0131ndal\u0131k olu\u015fturmay\u0131,<\/li>\n<li>Faaliyetlerimiz esnas\u0131nda ortaya \u00e7\u0131kabilecek at\u0131klar\u0131n, \u00e7evre etki ve boyutlar\u0131n\u0131 belirleyip kayna\u011f\u0131nda \u00f6nlem almay\u0131,<\/li>\n<li>\u00c7evre ama\u00e7 ve hedefleri koyarak \u00e7evre performans\u0131m\u0131z\u0131n s\u00fcrekli olarak iyile\u015ftirilmesini,<\/li>\n<li>Do\u011fal kaynaklar\u0131m\u0131z\u0131n etkin ve verimli kullan\u0131lmas\u0131n\u0131, teknolojik yeniliklerin takip edilip uygulanmas\u0131n\u0131,<\/li>\n<\/ul>\n<\/div><\/div><\/div><\/div><style type=\"text\/css\">.fusion-body .fusion-builder-column-0{width:100% !important;margin-top : 0px;margin-bottom : 20px;}.fusion-builder-column-0 > .fusion-column-wrapper {padding-top : 0px !important;padding-right : 0px !important;margin-right : 1.92%;padding-bottom : 0px !important;padding-left : 0px !important;margin-left : 1.92%;}@media only screen and (max-width:1024px) {.fusion-body .fusion-builder-column-0{width:100% !important;order : 0;}.fusion-builder-column-0 > .fusion-column-wrapper {margin-right : 1.92%;margin-left : 1.92%;}}@media only screen and (max-width:640px) {.fusion-body .fusion-builder-column-0{width:100% !important;order : 0;}.fusion-builder-column-0 > .fusion-column-wrapper {margin-right : 1.92%;margin-left : 1.92%;}}<\/style><\/div><\/div><style type=\"text\/css\">.fusion-body .fusion-flex-container.fusion-builder-row-1{ padding-top : 0px;margin-top : 0px;padding-right : 0px;padding-bottom : 0px;margin-bottom : 0px;padding-left : 0px;}<\/style><\/div>\n","protected":false},"excerpt":{"rendered":"","protected":false},"author":1,"featured_media":0,"parent":0,"menu_order":0,"comment_status":"closed","ping_status":"closed","template":"","meta":{"footnotes":""},"class_list":["post-431","page","type-page","status-publish","hentry"],"_links":{"self":[{"href":"https:\/\/www.ye.com.tr\/de\/wp-json\/wp\/v2\/pages\/431","targetHints":{"allow":["GET"]}}],"collection":[{"href":"https:\/\/www.ye.com.tr\/de\/wp-json\/wp\/v2\/pages"}],"about":[{"href":"https:\/\/www.ye.com.tr\/de\/wp-json\/wp\/v2\/types\/page"}],"author":[{"embeddable":true,"href":"https:\/\/www.ye.com.tr\/de\/wp-json\/wp\/v2\/users\/1"}],"replies":[{"embeddable":true,"href":"https:\/\/www.ye.com.tr\/de\/wp-json\/wp\/v2\/comments?post=431"}],"version-history":[{"count":1,"href":"https:\/\/www.ye.com.tr\/de\/wp-json\/wp\/v2\/pages\/431\/revisions"}],"predecessor-version":[{"id":432,"href":"https:\/\/www.ye.com.tr\/de\/wp-json\/wp\/v2\/pages\/431\/revisions\/432"}],"wp:attachment":[{"href":"https:\/\/www.ye.com.tr\/de\/wp-json\/wp\/v2\/media?parent=431"}],"curies":[{"name":"wp","href":"https:\/\/api.w.org\/{rel}","templated":true}]}}